{"id":192,"date":"2017-10-14T09:36:36","date_gmt":"2017-10-14T09:36:36","guid":{"rendered":"http:\/\/gallery.peterpneuhaus.de\/?page_id=192"},"modified":"2018-05-23T13:58:39","modified_gmt":"2018-05-23T13:58:39","slug":"datenschutzerklaerung","status":"publish","type":"page","link":"http:\/\/gallery.peterpneuhaus.de\/?page_id=192","title":{"rendered":"Datenschutzerkl\u00e4rung"},"content":{"rendered":"<p>Uns ist es ein wichtiges Anliegen, Ihre Daten, welche anl\u00e4sslich Ihres Besuchs bei gallery.peterpneuhaus.de erfasst werden k\u00f6nnen, zu sch\u00fctzen.<\/p>\n<p>Die gesetzlichen Bestimmungen zum Schutz Ihrer Daten finden sich in der Datenschutzgrundverordnung und im Bundesdatenschutzgesetz.<\/p>\n<p>Verantwortliche Stelle im Sinne der datenschutzrechtlichen Bestimmungen ist<\/p>\n<p>Peter P. Neuhaus<br \/>\nHauptstra\u00dfe 30<br \/>\n58706 Menden<\/p>\n<p>E-Mail: <a href=\"mailto:gallery@peterpneuhaus.de\">gallery@peterpneuhaus.de<\/a><\/p>\n<p>Nachfolgend finden Sie Informationen, welche Daten wir w\u00e4hrend Ihres Besuchs auf unserer Seite erfassen und wie diese genutzt werden. Sollten Sie noch Fragen haben, k\u00f6nnen Sie sich gerne an uns unter <a href=\"mailto:gallery@peterpneuhaus.de\">gallery@peterpneuhaus.de<\/a>\u00a0wenden.<\/p>\n<p>Sie haben zudem das Recht, sich bei widerrechtlicher Verwendung der Daten bei der zust\u00e4ndigen Aufsichtsbeh\u00f6rde zu beschweren. Dies ist:<\/p>\n<p>Landesbeauftragte f\u00fcr Datenschutz und Informationsfreiheit<br \/>\nNordrhein-Westfalen<br \/>\nPostfach 20 04 44<br \/>\n40102 D\u00fcsseldorf<\/p>\n<p>Tel.: 0211\/38424-0<br \/>\nFax: 0211\/38424-10<br \/>\nE-Mail: <a href=\"mailto:%20poststelle@ldi.nrw.de\">poststelle@ldi.nrw.de<\/a><\/p>\n<p><strong>1.\u00a0Serverdatenerhebung<\/strong><\/p>\n<p>Beim Besuch unserer Seite werden verschiedene Serverstatistiken automatisch gespeichert, die Ihr Browser an den Server unseres Providers \u00fcbermittelt. Unter anderem werden Name der abgerufenen Webseite, Datei, Datum und Uhrzeit des Abrufs, Browsertyp nebst Version, Referrer URL (die zuvor besuchte Seite), IP-Adresse und das Betriebssystem. geloggt.<\/p>\n<p>Diese Daten dienen der statistischen Auswertung der Besuche unserer Seite und sind f\u00fcr uns nicht bestimmten Personen zuordenbar. Rechtsgrundlage der Datenerfassung ist Art. 6 I f DSGVO. Eine Zusammenf\u00fchrung dieser Daten mit anderen Datenquellen wird nicht vorgenommen. Die IP-Adresse wird anonymisiert. Unser berechtigtes Interesse an der Erhebung dieser Daten begr\u00fcndet sich darin, dass wir anhand der Daten unser Angebot f\u00fcr User optimieren k\u00f6nnen, indem wir z.B. Zugriffe von Schadseiten verhindern oder den Zugriff \u00fcber bestimmter Browser optimieren k\u00f6nnen, und durch den Log der IP-Adresse die Auslieferung der Seite an den Besucher erst erm\u00f6glicht wird.<\/p>\n<p>Sie haben grunds\u00e4tzlich ein Recht auf Widerspruch dieser Datenerhebung. Dieses kommt hier ausnahmsweise faktisch nicht in Betracht, da ansonsten die Nutzung der Seite unm\u00f6glich w\u00e4re.<\/p>\n<p>Die Daten werden nach 6 Wochen gel\u00f6scht.<\/p>\n<p><strong>2. Nutzung und Weitergabe personenbezogener Daten<\/strong><\/p>\n<p><em>a. Allgemeines<\/em><\/p>\n<p>Soweit Sie uns personenbezogene Daten zur Verf\u00fcgung gestellt haben, verwenden wir diese zur Beantwortung Ihrer Anfragen und f\u00fcr die technische Administration. Ihre personenbezogenen Daten werden nur weitergeben, wenn dies gesetzlich notwendig, z.B. strafrechtlich relevanten \u00c4u\u00dferungen im Rahmen eines Kommentars, ist oder sie zuvor eingewilligt haben. Sie haben das Recht, eine erteilte Einwilligung mit Wirkung f\u00fcr die Zukunft jederzeit zu widerrufen, siehe auch Ziffer 6 zu Ihren Betroffenenrechten.<\/p>\n<p>Ihnen steht ein jederzeitiges Auskunfts- und Widerspruchsrecht zu Ihren von uns gespeicherten Daten zu, s.u. Ziffer 5 zu Ihren Betroffenenrechten.<\/p>\n<p><em>b. Kontaktformular und Anfrage per E-Mail<\/em><\/p>\n<p>Senden Sie uns eine Kontaktanfrage per E-Mail, erheben und speichern wir die E-Mail-Adresse und die in der E-Mail enthaltenen Daten zum Zwecke der Beantwortung Ihrer Anfrage.<br \/>\nRechtsgrundlage ist Art. 6 I (a) DSGVO, da Sie bei Verwendung des Formulars in die o.a. Verarbeitung Ihrer Daten einwilligen.<br \/>\nDie L\u00f6schung der Daten erfolgt, wenn der Zweck der Speicherung entfallen ist, also nach Beantwortung Ihrer E-Mail-\/Kontaktformular-Anfrage bzw. wenn die mit der Anfrage verbundene Angelegenheit abschlie\u00dfend gekl\u00e4rt ist.<br \/>\nSie haben das Recht, die erteilte Einwilligung jederzeit zu widerrufen, ohne dass die Rechtm\u00e4\u00dfigkeit der aufgrund der Einwilligung erfolgten Verarbeitung ber\u00fchrt wird.<br \/>\nZum Anspruch auf L\u00f6schung und Auskunft, s. unten Ziffer 5 zu Ihren Betroffenenrechten.<\/p>\n<p><strong>3. Cookies<br \/>\n<\/strong><br \/>\nDiese Seite verwendet Cookies. Das sind kleine Textdateien, die beim Besuch unserer Seite in Ihrem Internetbrowser (z.B. Firefox, Chrome, Microsoft Explorer\/Edge, Safarai etc.) oder von diesem auf Ihrem Computer (i.e.S. Ihrem Betriebssystem) gespeichert werden. Mit Hilfe des Cookies, der eine bestimmte Zeichenfolge enth\u00e4lt, erkennt unsere Webseite Ihren Internetbrowser beim Aufruf wieder. Wir verwenden eigene Cookies, so genannte Session-Cookies unseres CMS-Systems WordPress. Diese dienen dazu, die Nutzung der Internetseite zu verbessern und die Darstellung der Inhalte f\u00fcr Sie zu optimieren.<br \/>\nRechtsgrundlage ist Art. 6 I (f). Unser berechtigtes Interesse ergibt sich daraus, dass wir mit den vorgenannten Cookies lediglich die Abrufbarkeit der Seite f\u00fcr Sie erleichtern, keinerlei Tracking-Daten dabei erheben und somit keinen Eingriff in Ihre Pers\u00f6nlichkeitsrechte und Grundfreiheiten erfolgt.<br \/>\nSie k\u00f6nnen in Ihrem Webbrowser die Annahme von Cookies ausschlie\u00dfen. Dies kann aber u.U. zu Beeintr\u00e4chtigungen in der Funktionalit\u00e4t f\u00fchren. Zu Ihren weiteren Betroffenenrechten s. unten Ziffer 5.<br \/>\nDie Session-Cookies sind lediglich f\u00fcr die Dauer Ihrer Browsersitzung g\u00fcltig und werden mit Beendigung des Besuchs unserer Seite gel\u00f6scht.<\/p>\n<p><strong>4. Kommentarfunktion<br \/>\n<\/strong><br \/>\nSie haben die M\u00f6glichkeit, auf unserer Seite Beitr\u00e4ge zu kommentieren. Wir verwenden dabei die Kommentarfunktion unseres CMS-Systems WordPress. Dabei haben Sie Ihren Namen und Ihre E-Mail-Adresse einzugeben. Zudem wird Ihre IP-Adresse erhoben und gespeichert. Diese Angaben dienen dem Zweck, im Falle von rechtswidriger Beitr\u00e4ge den Verfasser zum Zwecke der Rechtsverfolgung ausfindig identifizieren zu k\u00f6nnen.<br \/>\nRechtsgrundlage ist Art. 6 I (a) DSGVO, da Sie bei Verwendung des Formulars in die o.a. Verarbeitung Ihrer Daten einwilligen.<br \/>\nSie haben das Recht, die erteilte Einwilligung jederzeit zu widerrufen, ohne dass die Rechtm\u00e4\u00dfigkeit der aufgrund der Einwilligung erfolgten Verarbeitung ber\u00fchrt wird.<br \/>\nZum Anspruch auf L\u00f6schung und Auskunft, s. unten Ziffer 5 zu Ihren Betroffenenrechten.<\/p>\n<p><strong>5. Betroffenenrechte<br \/>\n<\/strong><br \/>\n<em>a. Auskunftsrechte<br \/>\n<\/em><br \/>\nSie haben jederzeit das Recht auf unentgeltliche Auskunft \u00fcber die von uns \u00fcber Sie gespeicherten personenbezogenen Daten. Sie k\u00f6nnen \u00fcber folgende Informationen Auskunft verlangen. Wir haben die Auskunft binnen Monatsfrist zu erteilen:<\/p>\n<p>(1) die Zwecke, zu denen die personenbezogenen Daten verarbeitet werden;<\/p>\n<p>(2) die Kategorien von personenbezogenen Daten, welche verarbeitet werden;<\/p>\n<p>(3) die Empf\u00e4nger bzw. die Kategorien von Empf\u00e4ngern, gegen\u00fcber denen die Sie betreffenden personenbezogenen Daten offengelegt wurden oder noch offengelegt werden;<\/p>\n<p>(4) die geplante Dauer der Speicherung der Sie betreffenden personenbezogenen Daten oder, falls konkrete Angaben hierzu nicht m\u00f6glich sind, Kriterien f\u00fcr die Festlegung der Speicherdauer;<\/p>\n<p>(5) das Bestehen eines Rechts auf Berichtigung oder L\u00f6schung der Sie betreffenden personenbezogenen Daten, eines Rechts auf Einschr\u00e4nkung der Verarbeitung durch den Verantwortlichen oder eines Widerspruchsrechts gegen diese Verarbeitung;<\/p>\n<p>(6) das Bestehen eines Beschwerderechts bei einer Aufsichtsbeh\u00f6rde;<\/p>\n<p>(7) alle verf\u00fcgbaren Informationen \u00fcber die Herkunft der Daten, wenn die personenbezogenen Daten nicht bei der betroffenen Person erhoben werden;<\/p>\n<p>(8) das Bestehen einer automatisierten Entscheidungsfindung einschlie\u00dflich Profiling gem\u00e4\u00df Art.22 Abs.1 und 4 DSGVO und \u2013 zumindest in diesen F\u00e4llen \u2013 aussagekr\u00e4ftige Informationen \u00fcber die involvierte Logik sowie die Tragweite und die angestrebten Auswirkungen einer derartigen Verarbeitung f\u00fcr die betroffene Person. Wir machen darauf aufmerksam, dass derartige automatisierte Entscheidungsfindungen unsererseits nicht stattfinden.<\/p>\n<p>(9) dar\u00fcber, ob die Sie betreffenden personenbezogenen Daten in ein Drittland oder an eine internationale Organisation \u00fcbermittelt werden. In diesem Zusammenhang k\u00f6nnen Sie verlangen, \u00fcber die geeigneten Garantien gem. Art.46 DSGVO im Zusammenhang mit der \u00dcbermittlung unterrichtet zu werden.<\/p>\n<p><em>b. Recht auf Berichtigung<\/em><\/p>\n<p>Sie haben das Recht, von uns unverz\u00fcglich die Berichtigung Sie betreffender unrichtiger personenbezogener bzw. die Vervollst\u00e4ndigung unvollst\u00e4ndiger personenbezogener Daten zu verlangen.<\/p>\n<p><em>c. Recht auf L\u00f6schung<\/em><\/p>\n<p>Anspruch auf L\u00f6schung<br \/>\nSie haben das Recht, dass die Sie betreffenden personenbezogenen Daten unverz\u00fcglich gel\u00f6scht werden, und wir sind verpflichtet, diese Daten unverz\u00fcglich zu l\u00f6schen, sofern einer der folgenden Gr\u00fcnde zutrifft:<\/p>\n<p>(1) Die Sie betreffenden personenbezogenen Daten sind f\u00fcr die Zwecke, f\u00fcr die sie erhoben oder auf sonstige Weise verarbeitet wurden, nicht mehr notwendig.<\/p>\n<p>(2) Sie widerrufen Ihre Einwilligung, auf die sich die Verarbeitung gem. Art. 6 I (a) st\u00fctzte, und es fehlt an einer anderweitigen Rechtsgrundlage f\u00fcr die Verarbeitung.<\/p>\n<p>(3) Sie legen gem. Art. 21 I DSGVO Widerspruch gegen die Verarbeitung Ihrer Daten, die wir auf Grundlage unserer dargelegten berechtigten Interessen (z.B. bei Google Analytics) erheben, ein und es liegen keine vorrangigen berechtigten Gr\u00fcnde f\u00fcr die Verarbeitung vor, oder Sie legen gem. Art.21 II DSGVO Widerspruch gegen die Verarbeitung im Rahmen der Direktwerbung ein.<\/p>\n<p>(4) Die Sie betreffenden personenbezogenen Daten wurden von uns unrechtm\u00e4\u00dfig, zum Beispiel ohne Einwilligung oder ohne berechtigte Interessen, verarbeitet.<\/p>\n<p>(5) Die L\u00f6schung der Sie betreffenden personenbezogenen Daten ist zur Erf\u00fcllung einer uns treffenden rechtlichen Verpflichtung nach dem Unionsrecht oder nach dem deutschen Recht erforderlich.<\/p>\n<p>(6) Die Daten wurden im Rahmen von angebotenen Dienste der Informationsgesellschaft gegen\u00fcber Ihnen als Minderj\u00e4hriger gem\u00e4\u00df Art.8 ADSGVO erhoben.<\/p>\n<p>Haben wir personenbezogene Daten von Ihnen ver\u00f6ffentlicht und sind wir aus einem der vorgenannten Gr\u00fcnde zur L\u00f6schung verpflichtet, so werden wir die Unternehmen, auf deren Internetseiten die Daten ver\u00f6ffentlicht wurden, \u00fcber Ihren Wunsch auf L\u00f6schung in angemessener Art und Weise informieren und darlegen, dass Sie als betroffene Person von uns die L\u00f6schung aller Links zu diesen Daten sowie die L\u00f6schung aller Kopien oder Replikationen verlangt haben.<\/p>\n<p>Ausnahmen<br \/>\nDas Recht auf L\u00f6schung besteht nicht, soweit die Verarbeitung erforderlich ist<\/p>\n<p>(1) zur Aus\u00fcbung des Rechts auf freie Meinungs\u00e4u\u00dferung und Information;<\/p>\n<p>(2) zur Erf\u00fcllung einer rechtlichen Verpflichtung, die die Verarbeitung nach dem Recht der Union oder dem deutschen Recht erfordert, z.B. im Rahmen der steuerrechtlichen Aufbewahrungspflichten, oder zur Wahrnehmung einer Aufgabe, die im \u00f6ffentlichen Interesse liegt oder in Aus\u00fcbung \u00f6ffentlicher Gewalt erfolgt, die uns \u00fcbertragen wurde;<\/p>\n<p>(3) aus Gr\u00fcnden des \u00f6ffentlichen Interesses im Bereich der \u00f6ffentlichen Gesundheit gem\u00e4\u00df Art. Art.9 II (h) und (i) sowie Art.9 III DSGVO;<\/p>\n<p>4) f\u00fcr im \u00f6ffentlichen Interesse liegende Archivzwecke, wissenschaftliche oder historische Forschungszwecke oder f\u00fcr statistische Zwecke gem. Art.89 (I) DSGVO, soweit das Recht auf L\u00f6schung voraussichtlich die Verwirklichung der Ziele dieser Verarbeitung unm\u00f6glich macht oder ernsthaft beeintr\u00e4chtigt, oder<\/p>\n<p>(5) zur Geltendmachung, Aus\u00fcbung oder Verteidigung von Rechtsanspr\u00fcchen, z.B. in Gerichtsverfahren.<\/p>\n<p><em>d. Recht auf Einschr\u00e4nkung der Datenverarbeitung<br \/>\n<\/em><br \/>\nSie haben das Recht, von uns die Einschr\u00e4nkung der Verarbeitung zu verlangen, wenn eine der folgenden Voraussetzungen gegeben ist:<\/p>\n<p>(1) Wenn Sie die Richtigkeit der personenbezogenen Daten bestreiten, und zwar f\u00fcr eine Dauer, die es uns erm\u00f6glicht, die Richtigkeit der personenbezogenen Daten zu \u00fcberpr\u00fcfen,<\/p>\n<p>(2) Wenn die Verarbeitung unrechtm\u00e4\u00dfig ist und Sie die L\u00f6schung der personenbezogenen Daten ablehnen und stattdessen die Einschr\u00e4nkung der Nutzung der personenbezogenen Daten verlangen.<\/p>\n<p>(3) Wenn wir die personenbezogenen Daten f\u00fcr die Zwecke der Verarbeitung nicht l\u00e4nger ben\u00f6tigen, Sie sie jedoch zur Geltendmachung, Aus\u00fcbung oder Verteidigung von Rechtsanspr\u00fcchen ben\u00f6tigten.<\/p>\n<p>(4) Wenn Sie Widerspruch gegen die Verarbeitung Ihrer personenbezogenen Daten, die wir auf Grundlage unserer dargelegten berechtigten Interessen (z.B. bei Google Analytics) erheben, eingelegt haben, solange noch nicht feststeht, ob unsere berechtigten Gr\u00fcnde gegen\u00fcber Ihren Rechten \u00fcberwiegen.<\/p>\n<p>Wurde die Verarbeitung gem\u00e4\u00df der vorgenannten Gr\u00fcnde eingeschr\u00e4nkt, so d\u00fcrfen diese personenbezogenen Daten \u2013 von ihrer Speicherung abgesehen \u2013 nur mit Ihrer Einwilligung oder zur Geltendmachung, Aus\u00fcbung oder Verteidigung von Rechtsanspr\u00fcchen oder zum Schutz der Rechte einer anderen nat\u00fcrlichen oder juristischen Person (GmbH, AG etc.) oder aus Gr\u00fcnden eines wichtigen \u00f6ffentlichen Interesses der Union oder eines Mitgliedstaats verarbeitet werden.<br \/>\nWenn Sie die Einschr\u00e4nkung der Verarbeitung erwirkt haben, werden Sie von uns unterrichtet, bevor die Einschr\u00e4nkung aufgehoben wird.<\/p>\n<p><em>e. Mitteilungspflicht<br \/>\n<\/em><br \/>\nHaben Sie das Recht auf Berichtigung, L\u00f6schung oder Einschr\u00e4nkung der Verarbeitung gegen\u00fcber uns geltend gemacht, sind wir verpflichtet, allen Empf\u00e4ngern, denen die Sie betreffenden personenbezogenen Daten offengelegt wurden, diese Berichtigung oder L\u00f6schung der Daten oder Einschr\u00e4nkung der Verarbeitung mitzuteilen, es sei denn, dies erweist sich als unm\u00f6glich oder ist mit einem unverh\u00e4ltnism\u00e4\u00dfigen Aufwand verbunden.<br \/>\nIhnen steht gegen\u00fcber uns das Recht zu, \u00fcber diese Empf\u00e4nger unterrichtet zu werden.<\/p>\n<p><em>f. Recht auf \u00dcbertragbarkeit<br \/>\n<\/em><br \/>\nSie haben das Recht, die Sie betreffenden personenbezogenen Daten, die Sie uns bereitgestellt haben, in einem strukturierten, g\u00e4ngigen und maschinenlesbaren Format zu erhalten. Au\u00dferdem haben Sie das Recht diese Daten einem anderen Unternehmen ohne Behinderung durch uns zu \u00fcbermitteln, sofern<\/p>\n<p>(1) die Verarbeitung auf einer Einwilligung gem. Art. 6 (I) DSGVO oder auf einem Vertrag gem. Art.6 I (b) DSGVO beruht und<\/p>\n<p>(2) die Verarbeitung mithilfe automatisierter Verfahren erfolgt.<\/p>\n<p>In Aus\u00fcbung dieses Rechts haben Sie ferner das Recht, zu erwirken, dass die Sie betreffenden personenbezogenen Daten direkt von uns einem anderen Unternehmen \u00fcbermittelt werden, soweit dies technisch machbar ist. Freiheiten und Rechte anderer Personen d\u00fcrfen hierdurch nicht beeintr\u00e4chtigt werden.<br \/>\nDas Recht auf Daten\u00fcbertragbarkeit gilt nicht f\u00fcr eine Verarbeitung personenbezogener Daten, die f\u00fcr die Wahrnehmung einer Aufgabe erforderlich ist, die im \u00f6ffentlichen Interesse liegt oder in Aus\u00fcbung \u00f6ffentlicher Gewalt erfolgt, die uns \u00fcbertragen wurde.<\/p>\n<p><em>g. Widerspruchsrecht<br \/>\n<\/em><br \/>\nSie haben das Recht, aus Gr\u00fcnden, die sich aus Ihrer besonderen Situation ergeben, jederzeit gegen die Verarbeitung der Sie betreffenden personenbezogenen Daten, die aufgrund von Art. 6 I (e) \u2013erforderliche Verarbeitung aufgrund einer im \u00f6ffentlichen Interesse liegenden Aufgabe- oder (f) DSGVO \u2013 Verarbeitung unter Darlegung unseres berechtigten Interesses, z.B. beim Online-Marketing \u2013 erfolgt, Widerspruch einzulegen; dies gilt auch f\u00fcr ein auf diese Bestimmungen gest\u00fctztes Profiling.<br \/>\nWir verarbeiten die Sie betreffenden personenbezogenen Daten nicht mehr, es sei denn, wir k\u00f6nnen zwingende schutzw\u00fcrdige Gr\u00fcnde f\u00fcr die Verarbeitung nachweisen, die Ihren Interessen, Rechte und Freiheiten \u00fcberwiegen, oder die Verarbeitung dient der Geltendmachung, Aus\u00fcbung oder Verteidigung von Rechtsanspr\u00fcchen.<br \/>\nWerden die Sie betreffenden personenbezogenen Daten verarbeitet, um Direktwerbung zu betreiben, haben Sie das Recht, jederzeit Widerspruch gegen die Verarbeitung der Sie betreffenden personenbezogenen Daten zum Zwecke derartiger Werbung einzulegen; dies gilt auch f\u00fcr das Profiling, soweit es mit solcher Direktwerbung in Verbindung steht.<br \/>\nWidersprechen Sie der Verarbeitung f\u00fcr Zwecke der Direktwerbung, so werden die Sie betreffenden personenbezogenen Daten nicht mehr f\u00fcr diese Zwecke verarbeitet.<br \/>\nSie haben die M\u00f6glichkeit, im Zusammenhang mit der Nutzung von Diensten der Informationsgesellschaft \u2013 ungeachtet der Richtlinie 2002\/58\/EG \u2013 Ihr Widerspruchsrecht mittels automatisierter Verfahren auszu\u00fcben, bei denen technische Spezifikationen verwendet werden.<\/p>\n<p><em>h. Recht auf Widerruf der datenschutzrechtlichen Einwilligungserkl\u00e4rung<br \/>\n<\/em><br \/>\nSie haben das Recht, Ihre datenschutzrechtliche Einwilligungserkl\u00e4rung jederzeit zu widerrufen. Durch den Widerruf der Einwilligung wird die Rechtm\u00e4\u00dfigkeit der aufgrund der Einwilligung bis zum Widerruf erfolgten Verarbeitung nicht ber\u00fchrt.<\/p>\n<p><em>i. Ansprechpartner f\u00fcr Betroffenenrechte<br \/>\n<\/em><br \/>\nSoweit wir Ihnen die Aus\u00fcbung Ihrer Rechte nicht unmittelbar im Rahmen der Verarbeitung erm\u00f6glichen, k\u00f6nnen Sie sich bitte an uns unter <a href=\"mailto:gallery@peterpneuhaus.de\">gallery@peterpneuhaus.de<\/a>\u00a0oder postalisch unter der im Impressum angegebenen Adresse wenden.<\/p>\n<p><strong>6. Google Fonts<\/strong><\/p>\n<p>Auf dieser Internetseite werden zur einheitlichen Darstellung von Schriftarten externe Schriften in Form von Google Fonts verwendet. Google Fonts ist ein Dienst der Google Inc., 1600 Amphitheatre Parkway, Mountain View, CA 94043, USA; (&#8222;Google&#8220;).<\/p>\n<p>Beim Aufruf unserer Seite l\u00e4dt Ihr Browser die ben\u00f6tigten Web Fonts direkt von einem Google-Server in ihren Browsercache, um Texte und Schriftarten korrekt anzuzeigen. Hierdurch wird an den Server \u00fcbermittelt, welche unserer Internetseiten Sie besucht haben. Auch wird die IP-Adresse des Browsers des Endger\u00e4tes des Besuchers dieser Internetseiten von Google gespeichert. Wenn Ihr Browser Web Fonts nicht unterst\u00fctzt, wird eine Standardschrift von Ihrem Computer genutzt.<\/p>\n<p>Rechtsgrundlage f\u00fcr die Nutzung von Google Fonts ist art. 6 I (f) DSGVO. Unser berechtigtes Interesse ergibt sich daraus, dass wir Ihnen die Darstellung der Schriften in einer einheitlichen Form darstellen k\u00f6nnen. Die Google LLC. ist nach dem US Privacy Shield (<a href=\"https:\/\/www.privacyshield.gov\/participant?id=a2zt000000001L5AAI&amp;status=Active\">https:\/\/www.privacyshield.gov\/participant?id=a2zt000000001L5AAI&amp;status=Active<\/a>) zertifiziert, um ein der DSGVO angemessenes Datenschutzniveau zu gew\u00e4hrleisten. Wir haben mit der Google LLC eine Auftragsverarbeitungsvereinbarung geschlossen, mit welcher uns die Google Inc. die Einhaltung angemessener und geeigneter technischer und organisatorischer Ma\u00dfnahmen zum Schutz Ihrer personenbezogenen Daten nachweist.<\/p>\n<p>Widerspruch<br \/>\nWenn Sie als Besucher unserer Webseite die Funktion der Google-Fonts nicht nutzen m\u00f6chten und somit auch die \u00dcbermittlung Ihrer IP-Adresse an Google unterbinden m\u00f6chten, so k\u00f6nnen Sie beispielsweise durch einen Browser-AddOn wie z.B. NoScript (<a href=\"https:\/\/noscript.net\/\">https:\/\/noscript.net\/<\/a>) oder Ghostery (<a href=\"https:\/\/addons.mozilla.org\/de\/firefox\/addon\/ghostery\/\">https:\/\/addons.mozilla.org\/de\/firefox\/addon\/ghostery\/<\/a>) f\u00fcr Firefox Verbindungen zu <a href=\"http:\/\/fonts.googleapis.com\/\">fonts.googleapis.com<\/a>unterbinden lassen. In diesem Fall k\u00f6nnte es aber sein, dass die Nutzung unserer Website nicht in vollem Umfang m\u00f6glich ist.<\/p>\n<p>Weitere Informationen zu Google Web Fonts finden Sie unter <a href=\"https:\/\/developers.google.com\/fonts\/faq\">https:\/\/developers.google.com\/fonts\/faq<\/a> und in der Datenschutzerkl\u00e4rung von Google: <a href=\"https:\/\/www.google.com\/policies\/privacy\/\">https:\/\/www.google.com\/policies\/privacy\/<\/a><br \/>\nIhnen steht ein jederzeitiges Auskunfts- und Widerspruchsrecht zu Ihren von uns gespeicherten Daten zu, s.u. Ziffer 6 zu Ihren Betroffenenrechten.<\/p>\n<p><em>(zuletzt aktualisiert 23.5.2018)<\/em><\/p>\n","protected":false},"excerpt":{"rendered":"<p>Uns ist es ein wichtiges Anliegen, Ihre Daten, welche anl\u00e4sslich Ihres Besuchs bei gallery.peterpneuhaus.de erfasst werden k\u00f6nnen, zu sch\u00fctzen. Die gesetzlichen Bestimmungen zum Schutz Ihrer Daten finden sich in der Datenschutzgrundverordnung und im Bundesdatenschutzgesetz. Verantwortliche Stelle im Sinne der datenschutzrechtlichen Bestimmungen ist Peter P. Neuhaus [&hellip;]<\/p>\n","protected":false},"author":1,"featured_media":0,"parent":0,"menu_order":0,"comment_status":"closed","ping_status":"closed","template":"","meta":[],"_links":{"self":[{"href":"http:\/\/gallery.peterpneuhaus.de\/index.php?rest_route=\/wp\/v2\/pages\/192"}],"collection":[{"href":"http:\/\/gallery.peterpneuhaus.de\/index.php?rest_route=\/wp\/v2\/pages"}],"about":[{"href":"http:\/\/gallery.peterpneuhaus.de\/index.php?rest_route=\/wp\/v2\/types\/page"}],"author":[{"embeddable":true,"href":"http:\/\/gallery.peterpneuhaus.de\/index.php?rest_route=\/wp\/v2\/users\/1"}],"replies":[{"embeddable":true,"href":"http:\/\/gallery.peterpneuhaus.de\/index.php?rest_route=%2Fwp%2Fv2%2Fcomments&post=192"}],"version-history":[{"count":4,"href":"http:\/\/gallery.peterpneuhaus.de\/index.php?rest_route=\/wp\/v2\/pages\/192\/revisions"}],"predecessor-version":[{"id":673,"href":"http:\/\/gallery.peterpneuhaus.de\/index.php?rest_route=\/wp\/v2\/pages\/192\/revisions\/673"}],"wp:attachment":[{"href":"http:\/\/gallery.peterpneuhaus.de\/index.php?rest_route=%2Fwp%2Fv2%2Fmedia&parent=192"}],"curies":[{"name":"wp","href":"https:\/\/api.w.org\/{rel}","templated":true}]}}